{"id":7,"date":"2020-06-19T18:05:00","date_gmt":"2020-06-19T18:05:00","guid":{"rendered":"http:\/\/seitsesolme.ee\/?page_id=7"},"modified":"2021-02-26T12:53:07","modified_gmt":"2021-02-26T10:53:07","slug":"contact","status":"publish","type":"page","link":"https:\/\/seitsesolme.ee\/index.php\/contact\/","title":{"rendered":"Kontakt"},"content":{"rendered":"<p><br \/><br \/>Facebook: <strong><a href=\"https:\/\/www.facebook.com\/seitsesolme\/\">https:\/\/www.facebook.com\/seitsesolme\/<\/a><\/strong><br \/>E-post: <a href=\"mailto:kirjastus@seitsesolme.ee\"><strong>kirjastus@seitsesolme.ee<\/strong><\/a><\/p>\n\n\n<p>Juriidiline aadress:<br><em>O\u00dc Estnorlink<br>J\u00f5geva mnt 12<br>48105 P\u00f5ltsamaa<\/em><\/p>\n\n\n\n<p>Registrikood: 11073166<br>Pangakonto:  EE342200221046337600 (Swedbank)<\/p>\n","protected":false},"excerpt":{"rendered":"<p>Facebook: https:\/\/www.facebook.com\/seitsesolme\/E-post: kirjastus@seitsesolme.ee Juriidiline aadress:O\u00dc EstnorlinkJ\u00f5geva mnt 1248105 P\u00f5ltsamaa Registrikood: 11073166Pangakonto: EE342200221046337600 (Swedbank)<span class=\"more-link\"><a href=\"https:\/\/seitsesolme.ee\/index.php\/contact\/\">Loe edasi<\/a><\/span><\/p>\n","protected":false},"author":1,"featured_media":0,"parent":0,"menu_order":0,"comment_status":"closed","ping_status":"closed","template":"","meta":{"footnotes":""},"class_list":["entry","author-seitsesolme","post-7","page","type-page","status-publish"],"_links":{"self":[{"href":"https:\/\/seitsesolme.ee\/index.php\/wp-json\/wp\/v2\/pages\/7","targetHints":{"allow":["GET"]}}],"collection":[{"href":"https:\/\/seitsesolme.ee\/index.php\/wp-json\/wp\/v2\/pages"}],"about":[{"href":"https:\/\/seitsesolme.ee\/index.php\/wp-json\/wp\/v2\/types\/page"}],"author":[{"embeddable":true,"href":"https:\/\/seitsesolme.ee\/index.php\/wp-json\/wp\/v2\/users\/1"}],"replies":[{"embeddable":true,"href":"https:\/\/seitsesolme.ee\/index.php\/wp-json\/wp\/v2\/comments?post=7"}],"version-history":[{"count":4,"href":"https:\/\/seitsesolme.ee\/index.php\/wp-json\/wp\/v2\/pages\/7\/revisions"}],"predecessor-version":[{"id":78,"href":"https:\/\/seitsesolme.ee\/index.php\/wp-json\/wp\/v2\/pages\/7\/revisions\/78"}],"wp:attachment":[{"href":"https:\/\/seitsesolme.ee\/index.php\/wp-json\/wp\/v2\/media?parent=7"}],"curies":[{"name":"wp","href":"https:\/\/api.w.org\/{rel}","templated":true}]}}