{"id":66,"date":"2021-02-26T12:39:36","date_gmt":"2021-02-26T10:39:36","guid":{"rendered":"http:\/\/seitsesolme.ee\/?page_id=66"},"modified":"2021-02-27T18:16:59","modified_gmt":"2021-02-27T16:16:59","slug":"raamatud","status":"publish","type":"page","link":"https:\/\/seitsesolme.ee\/index.php\/raamatud\/","title":{"rendered":"Raamatud"},"content":{"rendered":"\n<div class=\"wp-block-media-text is-stacked-on-mobile\"><figure class=\"wp-block-media-text__media\"><a href=\"\/index.php\/raamatud\/kolm-solme-2\"><img loading=\"lazy\" decoding=\"async\" width=\"602\" height=\"962\" src=\"https:\/\/seitsesolme.ee\/wp-content\/uploads\/2021\/02\/kolmsolme-2.jpeg\" alt=\"\" class=\"wp-image-96 size-full\" srcset=\"https:\/\/seitsesolme.ee\/wp-content\/uploads\/2021\/02\/kolmsolme-2.jpeg 602w, https:\/\/seitsesolme.ee\/wp-content\/uploads\/2021\/02\/kolmsolme-2-188x300.jpeg 188w, https:\/\/seitsesolme.ee\/wp-content\/uploads\/2021\/02\/kolmsolme-2-344x550.jpeg 344w, https:\/\/seitsesolme.ee\/wp-content\/uploads\/2021\/02\/kolmsolme-2-313x500.jpeg 313w\" sizes=\"auto, (max-width: 602px) 100vw, 602px\" \/><\/a><\/figure><div class=\"wp-block-media-text__content\">\n<p class=\"has-normal-font-size\">Adam Cullen, Veronika Kivisilla ja \u00d8yvind Rang\u00f8y<br><br><strong>Kolm s\u00f5lme<\/strong><br><em>(Luulekogu)<\/em><br>Kujundanud ja illustreerinud Asko K\u00fcnnap<br>Seitse S\u00f5lme 2020<br>80 lk, 188x117x13 (mm)<br>ISBN 9789949018918<\/p>\n<\/div><\/div>\n\n\n\n<div class=\"wp-block-columns is-layout-flex wp-container-core-columns-is-layout-1 wp-block-columns-is-layout-flex\">\n<div class=\"wp-block-column is-layout-flow wp-block-column-is-layout-flow\" style=\"flex-basis:100%\">\n<div class=\"wp-block-media-text alignfull is-stacked-on-mobile\"><figure class=\"wp-block-media-text__media\"><a href=\"\/index.php\/raamatud\/oled-ikka-veel-see-poiss\/\"><img loading=\"lazy\" decoding=\"async\" width=\"656\" height=\"1024\" src=\"https:\/\/seitsesolme.ee\/wp-content\/uploads\/2021\/02\/oled-ikka-veel-see-poiss-uhe-lapsepolve-fragmendid-656x1024.jpg\" alt=\"\" class=\"wp-image-69 size-full\" srcset=\"https:\/\/seitsesolme.ee\/wp-content\/uploads\/2021\/02\/oled-ikka-veel-see-poiss-uhe-lapsepolve-fragmendid-656x1024.jpg 656w, https:\/\/seitsesolme.ee\/wp-content\/uploads\/2021\/02\/oled-ikka-veel-see-poiss-uhe-lapsepolve-fragmendid-192x300.jpg 192w, https:\/\/seitsesolme.ee\/wp-content\/uploads\/2021\/02\/oled-ikka-veel-see-poiss-uhe-lapsepolve-fragmendid-768x1199.jpg 768w, https:\/\/seitsesolme.ee\/wp-content\/uploads\/2021\/02\/oled-ikka-veel-see-poiss-uhe-lapsepolve-fragmendid-984x1536.jpg 984w, https:\/\/seitsesolme.ee\/wp-content\/uploads\/2021\/02\/oled-ikka-veel-see-poiss-uhe-lapsepolve-fragmendid-352x550.jpg 352w, https:\/\/seitsesolme.ee\/wp-content\/uploads\/2021\/02\/oled-ikka-veel-see-poiss-uhe-lapsepolve-fragmendid-320x500.jpg 320w, https:\/\/seitsesolme.ee\/wp-content\/uploads\/2021\/02\/oled-ikka-veel-see-poiss-uhe-lapsepolve-fragmendid.jpg 1000w\" sizes=\"auto, (max-width: 656px) 100vw, 656px\" \/><\/a><\/figure><div class=\"wp-block-media-text__content\">\n<p class=\"has-text-align-left has-normal-font-size\">\u00d8yvind Rang\u00f8y<br><br><strong>Oled ikka veel see poiss<\/strong><br>\u00dche lapsep\u00f5lve fragmendid<br>(Jutud \/ l\u00fchiproosa)<br>Toimetanud Veronika Kivisilla<br>Korrektuur lugenud Maarja Liis M\u00f6lder<br>Kujundanud Asko K\u00fcnnap<br>Seitse S\u00f5lme 2020<br>160 lk, 186x115x18 mm<br>ISBN 9789916401927<\/p>\n<\/div><\/div>\n<\/div>\n<\/div>\n\n\n\n<div class=\"wp-block-columns is-layout-flex wp-container-core-columns-is-layout-2 wp-block-columns-is-layout-flex\">\n<div class=\"wp-block-column is-layout-flow wp-block-column-is-layout-flow\" style=\"flex-basis:100%\">\n<div class=\"wp-block-media-text alignwide is-stacked-on-mobile\"><figure class=\"wp-block-media-text__media\"><a href=\"\/index.php\/raamatud\/minu-riik-2\"><img loading=\"lazy\" decoding=\"async\" width=\"712\" height=\"1024\" src=\"https:\/\/seitsesolme.ee\/wp-content\/uploads\/2021\/02\/minu-riik-712x1024.jpg\" alt=\"\" class=\"wp-image-68 size-full\" srcset=\"https:\/\/seitsesolme.ee\/wp-content\/uploads\/2021\/02\/minu-riik-712x1024.jpg 712w, https:\/\/seitsesolme.ee\/wp-content\/uploads\/2021\/02\/minu-riik-209x300.jpg 209w, https:\/\/seitsesolme.ee\/wp-content\/uploads\/2021\/02\/minu-riik-768x1104.jpg 768w, https:\/\/seitsesolme.ee\/wp-content\/uploads\/2021\/02\/minu-riik-382x550.jpg 382w, https:\/\/seitsesolme.ee\/wp-content\/uploads\/2021\/02\/minu-riik-348x500.jpg 348w, https:\/\/seitsesolme.ee\/wp-content\/uploads\/2021\/02\/minu-riik.jpg 1000w\" sizes=\"auto, (max-width: 712px) 100vw, 712px\" \/><\/a><\/figure><div class=\"wp-block-media-text__content\">\n<p class=\"has-text-align-left has-normal-font-size\">Asko K\u00fcnnap<br><br><strong>Minu riik<\/strong><br>(Luulekogu)<br>Toimetanud Karl Martin Sinij\u00e4rv<br>Kujundanud ja illustreerinud Asko K\u00fcnnap<br>Seitse S\u00f5lme 2021<br>112 lk, 216x144x13 mm<br>ISBN 9789916401910<\/p>\n<\/div><\/div>\n<\/div>\n<\/div>\n","protected":false},"excerpt":{"rendered":"<p>Adam Cullen, Veronika Kivisilla ja \u00d8yvind Rang\u00f8y Kolm s\u00f5lme(Luulekogu)Kujundanud ja illustreerinud Asko K\u00fcnnapSeitse S\u00f5lme 202080 lk, 188x117x13 (mm)ISBN 9789949018918 \u00d8yvind Rang\u00f8y Oled ikka veel see poiss\u00dche lapsep\u00f5lve fragmendid(Jutud \/ l\u00fchiproosa)Toimetanud Veronika KivisillaKorrektuur lugenud Maarja Liis M\u00f6lderKujundanud Asko K\u00fcnnapSeitse S\u00f5lme 2020160 lk, 186x115x18 mmISBN 9789916401927 Asko K\u00fcnnap Minu riik(Luulekogu)Toimetanud Karl Martin<span class=\"more-link\"><a href=\"https:\/\/seitsesolme.ee\/index.php\/raamatud\/\">Loe edasi<\/a><\/span><\/p>\n","protected":false},"author":1,"featured_media":0,"parent":0,"menu_order":0,"comment_status":"closed","ping_status":"closed","template":"","meta":{"footnotes":""},"class_list":["entry","author-seitsesolme","post-66","page","type-page","status-publish"],"_links":{"self":[{"href":"https:\/\/seitsesolme.ee\/index.php\/wp-json\/wp\/v2\/pages\/66","targetHints":{"allow":["GET"]}}],"collection":[{"href":"https:\/\/seitsesolme.ee\/index.php\/wp-json\/wp\/v2\/pages"}],"about":[{"href":"https:\/\/seitsesolme.ee\/index.php\/wp-json\/wp\/v2\/types\/page"}],"author":[{"embeddable":true,"href":"https:\/\/seitsesolme.ee\/index.php\/wp-json\/wp\/v2\/users\/1"}],"replies":[{"embeddable":true,"href":"https:\/\/seitsesolme.ee\/index.php\/wp-json\/wp\/v2\/comments?post=66"}],"version-history":[{"count":12,"href":"https:\/\/seitsesolme.ee\/index.php\/wp-json\/wp\/v2\/pages\/66\/revisions"}],"predecessor-version":[{"id":147,"href":"https:\/\/seitsesolme.ee\/index.php\/wp-json\/wp\/v2\/pages\/66\/revisions\/147"}],"wp:attachment":[{"href":"https:\/\/seitsesolme.ee\/index.php\/wp-json\/wp\/v2\/media?parent=66"}],"curies":[{"name":"wp","href":"https:\/\/api.w.org\/{rel}","templated":true}]}}