{"id":127,"date":"2021-02-27T17:40:46","date_gmt":"2021-02-27T15:40:46","guid":{"rendered":"http:\/\/seitsesolme.ee\/?page_id=127"},"modified":"2021-02-27T18:01:19","modified_gmt":"2021-02-27T16:01:19","slug":"oled-ikka-veel-see-poiss","status":"publish","type":"page","link":"https:\/\/seitsesolme.ee\/index.php\/raamatud\/oled-ikka-veel-see-poiss\/","title":{"rendered":"Oled ikka veel see poiss"},"content":{"rendered":"\n<p>Ja j\u00e4rsku olin ise kaelast saati vees. Hirmu ma ei m\u00e4leta, seda ka mitte, mitu sekundit ma seal viibisin. M\u00e4letan ainult pootshaaki, millega mind kindlalt ja j\u00f5udsalt p\u00e4\u00e4stevesti kraest \u00fcles t\u00f5steti. Kiiret s\u00f5itu koju. Kuuma vanni. Ja seda meeletut uhkustunnet: kukkusin merre!&nbsp;<\/p>\n\n\n\n<p><em>&#8220;Rang\u00f8y Norra maastiku, \u00f5igupoolest veestiku kirjeldusi tasub lugeda kas v\u00f5i geograafilises ja antropoloogilises v\u00f5tmes. Tema maailman\u00e4gemis- ja kujutamisviis on \u00fcllatavalt kaugel heaolu\u00fchiskonnale iseloomulikust pseudoprobleemistikust.&#8221;&#8211;&nbsp;<\/em>Pille-Riin Larm, Vikerkaar<br><br><em>&#8220;Ta poetiseerib merd ja merendust, lausudes vastavaid oskuss\u00f5nu iselaadse hellusega.&#8221;<\/em><br><em>&#8212;&nbsp;<\/em>Alvar Loog, Postimees<\/p>\n\n\n\n<p><em>&#8220;T\u00e4nu isiklikule perspektiivile tekib asjadest laiem arusaamine, laiem vaade ajale, ruumile, ajaloole ja oma identiteedile.&#8221;&#8211;\u00a0Mariliin Vassenin, Looming<\/em><\/p>\n\n\n\n<figure class=\"wp-block-image size-large\"><img loading=\"lazy\" decoding=\"async\" width=\"656\" height=\"1024\" src=\"http:\/\/seitsesolme.ee\/wp-content\/uploads\/2021\/02\/oled-ikka-veel-see-poiss-uhe-lapsepolve-fragmendid-656x1024.jpg\" alt=\"\" class=\"wp-image-69\" srcset=\"https:\/\/seitsesolme.ee\/wp-content\/uploads\/2021\/02\/oled-ikka-veel-see-poiss-uhe-lapsepolve-fragmendid-656x1024.jpg 656w, https:\/\/seitsesolme.ee\/wp-content\/uploads\/2021\/02\/oled-ikka-veel-see-poiss-uhe-lapsepolve-fragmendid-192x300.jpg 192w, https:\/\/seitsesolme.ee\/wp-content\/uploads\/2021\/02\/oled-ikka-veel-see-poiss-uhe-lapsepolve-fragmendid-768x1199.jpg 768w, https:\/\/seitsesolme.ee\/wp-content\/uploads\/2021\/02\/oled-ikka-veel-see-poiss-uhe-lapsepolve-fragmendid-984x1536.jpg 984w, https:\/\/seitsesolme.ee\/wp-content\/uploads\/2021\/02\/oled-ikka-veel-see-poiss-uhe-lapsepolve-fragmendid-352x550.jpg 352w, https:\/\/seitsesolme.ee\/wp-content\/uploads\/2021\/02\/oled-ikka-veel-see-poiss-uhe-lapsepolve-fragmendid-320x500.jpg 320w, https:\/\/seitsesolme.ee\/wp-content\/uploads\/2021\/02\/oled-ikka-veel-see-poiss-uhe-lapsepolve-fragmendid.jpg 1000w\" sizes=\"auto, (max-width: 656px) 100vw, 656px\" \/><\/figure>\n\n\n\n<p>\u00d8yvind Rang\u00f8y:<br><strong>Oled ikka veel see poiss<\/strong><br>\u00dche lapsep\u00f5lve fragmendid<br>(Jutud \/ l\u00fchiproosa)<br>Toimetanud Veronika Kivisilla<br>Korrektuur lugenud Maarja Liis M\u00f6lder<br>Kujundanud Asko K\u00fcnnap<br>Seitse S\u00f5lme 2020<br>160 lk, 186x115x18 mm<br>ISBN 9789916401927<\/p>\n","protected":false},"excerpt":{"rendered":"<p>Ja j\u00e4rsku olin ise kaelast saati vees. Hirmu ma ei m\u00e4leta, seda ka mitte, mitu sekundit ma seal viibisin. M\u00e4letan ainult pootshaaki, millega mind kindlalt ja j\u00f5udsalt p\u00e4\u00e4stevesti kraest \u00fcles t\u00f5steti. Kiiret s\u00f5itu koju. Kuuma vanni. Ja seda meeletut uhkustunnet: kukkusin merre!&nbsp; &#8220;Rang\u00f8y Norra maastiku, \u00f5igupoolest veestiku kirjeldusi tasub lugeda<span class=\"more-link\"><a href=\"https:\/\/seitsesolme.ee\/index.php\/raamatud\/oled-ikka-veel-see-poiss\/\">Loe edasi<\/a><\/span><\/p>\n","protected":false},"author":1,"featured_media":69,"parent":66,"menu_order":0,"comment_status":"closed","ping_status":"closed","template":"","meta":{"footnotes":""},"class_list":["entry","author-seitsesolme","post-127","page","type-page","status-publish","has-post-thumbnail"],"_links":{"self":[{"href":"https:\/\/seitsesolme.ee\/index.php\/wp-json\/wp\/v2\/pages\/127","targetHints":{"allow":["GET"]}}],"collection":[{"href":"https:\/\/seitsesolme.ee\/index.php\/wp-json\/wp\/v2\/pages"}],"about":[{"href":"https:\/\/seitsesolme.ee\/index.php\/wp-json\/wp\/v2\/types\/page"}],"author":[{"embeddable":true,"href":"https:\/\/seitsesolme.ee\/index.php\/wp-json\/wp\/v2\/users\/1"}],"replies":[{"embeddable":true,"href":"https:\/\/seitsesolme.ee\/index.php\/wp-json\/wp\/v2\/comments?post=127"}],"version-history":[{"count":3,"href":"https:\/\/seitsesolme.ee\/index.php\/wp-json\/wp\/v2\/pages\/127\/revisions"}],"predecessor-version":[{"id":140,"href":"https:\/\/seitsesolme.ee\/index.php\/wp-json\/wp\/v2\/pages\/127\/revisions\/140"}],"up":[{"embeddable":true,"href":"https:\/\/seitsesolme.ee\/index.php\/wp-json\/wp\/v2\/pages\/66"}],"wp:featuredmedia":[{"embeddable":true,"href":"https:\/\/seitsesolme.ee\/index.php\/wp-json\/wp\/v2\/media\/69"}],"wp:attachment":[{"href":"https:\/\/seitsesolme.ee\/index.php\/wp-json\/wp\/v2\/media?parent=127"}],"curies":[{"name":"wp","href":"https:\/\/api.w.org\/{rel}","templated":true}]}}