{"id":125,"date":"2021-02-27T17:36:51","date_gmt":"2021-02-27T15:36:51","guid":{"rendered":"http:\/\/seitsesolme.ee\/?page_id=125"},"modified":"2021-03-13T12:55:51","modified_gmt":"2021-03-13T10:55:51","slug":"minu-riik-2","status":"publish","type":"page","link":"https:\/\/seitsesolme.ee\/index.php\/raamatud\/minu-riik-2\/","title":{"rendered":"Minu riik"},"content":{"rendered":"\n<p><em>Me ootasime midagi.<\/em><br><em>Ja see midagi, ei-midagi,<\/em><br><em>see j\u00f5udiski J\u00f5uludeks:<\/em><br><em>vihma sadas, k\u00e4rnkonni,<\/em><br><em>n\u00f6\u00f6bid pudenesid pintsakult,<\/em><br><em>taevas m\u00f5rust kurjaks keris,<\/em><br><em>valusaiks viimaseiks J\u00f5uludeks.<\/em><\/p>\n\n\n\n<p>&#8220;K\u00fcnnap on suur meister verbaalses kaamerat\u00f6\u00f6s. T\u00f5eline autorikino. Kaadrit sisse ja v\u00e4lja suumides, vajadusel negatiivi keerates, \u00fcle- ja l\u00e4bivalgustades ning vaatepunkte vahetades j\u00f5uab ta oma v\u00e4rssides \u00e4raspidise aegluubis reaalsuseni.&#8221;<\/p>\n\n\n\n<p>&#8220;Millal j\u00e4rgneb k\u00fcpsemisele \u00fclek\u00fcpsemine? V\u00f5i koguni roiskumine? Siiani pole seda veel juhtunud. K\u00fcnnapi stiil, mis m\u00f5jus sajandivahetuse paiku v\u00e4ga v\u00e4rske ja ajastuv\u00e4\u00e4rilisena, pole minu silmis vahepeal vanunud ega vananenud.&#8221;<\/p>\n\n\n\n<p>m\u00f5lemad tsitaadid &#8212; Aivar Loog, Looming 6\/2020<\/p>\n\n\n\n<figure class=\"wp-block-image size-large\"><img loading=\"lazy\" decoding=\"async\" width=\"712\" height=\"1024\" src=\"http:\/\/seitsesolme.ee\/wp-content\/uploads\/2021\/02\/minu-riik-712x1024.jpg\" alt=\"\" class=\"wp-image-68\" srcset=\"https:\/\/seitsesolme.ee\/wp-content\/uploads\/2021\/02\/minu-riik-712x1024.jpg 712w, https:\/\/seitsesolme.ee\/wp-content\/uploads\/2021\/02\/minu-riik-209x300.jpg 209w, https:\/\/seitsesolme.ee\/wp-content\/uploads\/2021\/02\/minu-riik-768x1104.jpg 768w, https:\/\/seitsesolme.ee\/wp-content\/uploads\/2021\/02\/minu-riik-382x550.jpg 382w, https:\/\/seitsesolme.ee\/wp-content\/uploads\/2021\/02\/minu-riik-348x500.jpg 348w, https:\/\/seitsesolme.ee\/wp-content\/uploads\/2021\/02\/minu-riik.jpg 1000w\" sizes=\"auto, (max-width: 712px) 100vw, 712px\" \/><\/figure>\n\n\n\n<p>Asko K\u00fcnnap:<br><strong>Minu riik<\/strong><br>(Luulekogu)<br>Toimetanud Karl Martin Sinij\u00e4rv<br>Kujundanud ja illustreerinud Asko K\u00fcnnap<br>Seitse S\u00f5lme 2021<br>112 lk, 216x144x13 mm<br>ISBN 9789916401910<\/p>\n","protected":false},"excerpt":{"rendered":"<p>Me ootasime midagi.Ja see midagi, ei-midagi,see j\u00f5udiski J\u00f5uludeks:vihma sadas, k\u00e4rnkonni,n\u00f6\u00f6bid pudenesid pintsakult,taevas m\u00f5rust kurjaks keris,valusaiks viimaseiks J\u00f5uludeks. &#8220;K\u00fcnnap on suur meister verbaalses kaamerat\u00f6\u00f6s. T\u00f5eline autorikino. Kaadrit sisse ja v\u00e4lja suumides, vajadusel negatiivi keerates, \u00fcle- ja l\u00e4bivalgustades ning vaatepunkte vahetades j\u00f5uab ta oma v\u00e4rssides \u00e4raspidise aegluubis reaalsuseni.&#8221; &#8220;Millal j\u00e4rgneb k\u00fcpsemisele \u00fclek\u00fcpsemine?<span class=\"more-link\"><a href=\"https:\/\/seitsesolme.ee\/index.php\/raamatud\/minu-riik-2\/\">Loe edasi<\/a><\/span><\/p>\n","protected":false},"author":1,"featured_media":68,"parent":66,"menu_order":0,"comment_status":"closed","ping_status":"closed","template":"","meta":{"footnotes":""},"class_list":["entry","author-seitsesolme","post-125","page","type-page","status-publish","has-post-thumbnail"],"_links":{"self":[{"href":"https:\/\/seitsesolme.ee\/index.php\/wp-json\/wp\/v2\/pages\/125","targetHints":{"allow":["GET"]}}],"collection":[{"href":"https:\/\/seitsesolme.ee\/index.php\/wp-json\/wp\/v2\/pages"}],"about":[{"href":"https:\/\/seitsesolme.ee\/index.php\/wp-json\/wp\/v2\/types\/page"}],"author":[{"embeddable":true,"href":"https:\/\/seitsesolme.ee\/index.php\/wp-json\/wp\/v2\/users\/1"}],"replies":[{"embeddable":true,"href":"https:\/\/seitsesolme.ee\/index.php\/wp-json\/wp\/v2\/comments?post=125"}],"version-history":[{"count":5,"href":"https:\/\/seitsesolme.ee\/index.php\/wp-json\/wp\/v2\/pages\/125\/revisions"}],"predecessor-version":[{"id":177,"href":"https:\/\/seitsesolme.ee\/index.php\/wp-json\/wp\/v2\/pages\/125\/revisions\/177"}],"up":[{"embeddable":true,"href":"https:\/\/seitsesolme.ee\/index.php\/wp-json\/wp\/v2\/pages\/66"}],"wp:featuredmedia":[{"embeddable":true,"href":"https:\/\/seitsesolme.ee\/index.php\/wp-json\/wp\/v2\/media\/68"}],"wp:attachment":[{"href":"https:\/\/seitsesolme.ee\/index.php\/wp-json\/wp\/v2\/media?parent=125"}],"curies":[{"name":"wp","href":"https:\/\/api.w.org\/{rel}","templated":true}]}}